{"id":449,"date":"2018-12-30T19:18:11","date_gmt":"2018-12-30T18:18:11","guid":{"rendered":"https:\/\/mde-sc.com\/?page_id=449"},"modified":"2018-12-30T19:20:37","modified_gmt":"2018-12-30T18:20:37","slug":"cookies","status":"publish","type":"page","link":"https:\/\/mde-sc.com\/sk\/cookies\/","title":{"rendered":"Cookies"},"content":{"rendered":"<p>[et_pb_section fb_built=&#8220;1&#8243; _builder_version=&#8220;3.18.4&#8243;][et_pb_row _builder_version=&#8220;3.18.4&#8243;][et_pb_column type=&#8220;4_4&#8243; _builder_version=&#8220;3.18.4&#8243; parallax=&#8220;off&#8220; parallax_method=&#8220;on&#8220;][et_pb_text _builder_version=&#8220;3.18.4&#8243;]<\/p>\n<div class=\"et_pb_module et_pb_text et_pb_text_0 et_pb_bg_layout_light  et_pb_text_align_left\">\n<div class=\"et_pb_text_inner\">\n<h1>Inform\u00e1cie o cookies<\/h1>\n<\/div>\n<\/div>\n<div class=\"et_pb_module et_pb_text et_pb_text_1 et_pb_bg_layout_light  et_pb_text_align_left\">\n<div class=\"et_pb_text_inner\">\n<h2>1. Prev\u00e1dzkovate\u013e<\/h2>\n<p>Prev\u00e1dzkovate\u013e je osoba, ktor\u00e1 sprac\u00fava osobn\u00e9 \u00fadaje dotknutej osoby (V\u00e1s). Prev\u00e1dzkovate\u013eom je spolo\u010dnos\u0165 XXXXX so s\u00eddlom XXXXX Pr\u00edbovce, I\u010cO XXXXX, \u010falej len \u201eSpolo\u010dnos\u0165 XXXXX\u201c. V pr\u00edpade, ak m\u00e1te ak\u00e9ko\u013evek ot\u00e1zky, m\u00f4\u017eete sa na n\u00e1s obr\u00e1ti\u0165 prostredn\u00edctvom elektronickej po\u0161ty na adrese info (zavin\u00e1\u010d) mde-sc.com.<\/p>\n<p>Tieto pravidl\u00e1 boli vytvoren\u00e9 za \u00fa\u010delom vysvetlenia ochrany osobn\u00fdch \u00fadajov a posilnenia transparentnosti pri ich sprac\u00favan\u00ed. Tieto pravidl\u00e1 bud\u00fa pravidelne aktualizovan\u00e9 a zverejnen\u00e9 na str\u00e1nke www.mde-sc.com. Pravidl\u00e1 nadob\u00fadaj\u00fa \u00fa\u010dinnos\u0165 25. m\u00e1ja 2018.<\/p>\n<\/div>\n<\/div>\n<div class=\"et_pb_module et_pb_text et_pb_text_2 et_pb_bg_layout_light  et_pb_text_align_left\">\n<div class=\"et_pb_text_inner\">\n<h2>2. \u010co s\u00fa cookies<\/h2>\n<p>Cookies s\u00fa mal\u00e9 textov\u00e9 s\u00fabory, ktor\u00e9 na\u0161e webov\u00e9 str\u00e1nky (servery) posielaj\u00fa V\u00e1\u0161mu internetov\u00e9mu prehliada\u010du a ktor\u00e9 V\u00e1\u0161 internetov\u00fd prehliada\u010d uklad\u00e1 vo Va\u0161om zariaden\u00ed (napr. po\u010d\u00edta\u010di, telef\u00f3ne alebo tablete).<\/p>\n<p>V\u010faka t\u00fdmto s\u00faborom V\u00e1s vieme identifikova\u0165 a pri ka\u017edej Va\u0161ej \u010fal\u0161ej n\u00e1v\u0161teve V\u00e1m pon\u00faknu\u0165 inform\u00e1cie a marketingov\u00fd obsah ur\u010den\u00fd priamo pre V\u00e1s, \u010d\u00edm V\u00e1m spr\u00edjemn\u00edme V\u00e1\u0161 pobyt na na\u0161ich webov\u00fdch str\u00e1nkach. Na z\u00e1klade cookies V\u00e1s nevieme obvykle presne identifikova\u0165. V pr\u00edpade, ak V\u00e1s po\u010das pou\u017e\u00edvania na\u0161ich online slu\u017eieb alebo webov\u00fdch str\u00e1nok dok\u00e1\u017eeme identifikova\u0165, p\u00f4jde o sprac\u00favanie osobn\u00fdch \u00fadajov v s\u00falade s na\u0161imi Pravidlami ochrany osobn\u00fdch \u00fadajov a podmienkami pr\u00edslu\u0161nej slu\u017eby, ktor\u00fa pou\u017e\u00edvate. Pr\u00e1vnym z\u00e1kladom tak\u00e9hoto sprac\u00favania osobn\u00fdch \u00fadajov je (i) V\u00e1\u0161 s\u00fahlas ako dotknutej osoby a (ii) v pr\u00edpade sledovania aktiv\u00edt a ich vyhodnocovania n\u00e1\u0161 opr\u00e1vnen\u00fd z\u00e1ujem, ktor\u00fd spo\u010d\u00edva v z\u00e1ujme pon\u00faknu\u0165 V\u00e1m \u010do najlep\u0161ie nastavenie slu\u017eieb alebo podpory pri pou\u017e\u00edvan\u00ed na\u0161ich slu\u017eieb a str\u00e1nok.<\/p>\n<p>S\u00fabory cookies s\u00fa mal\u00e9 a vo Va\u0161om zariaden\u00ed zaberaj\u00fa minim\u00e1lny priestor.<\/p>\n<\/div>\n<\/div>\n<div class=\"et_pb_module et_pb_text et_pb_text_3 et_pb_bg_layout_light  et_pb_text_align_left\">\n<div class=\"et_pb_text_inner\">\n<h2>3. Ak\u00e9 cookies pou\u017e\u00edvame<\/h2>\n<p>V z\u00e1vislosti od druhu cookies a nastaveniach V\u00e1\u0161ho internetov\u00e9ho prehliada\u010da m\u00f4\u017eu by\u0165 trval\u00e9 alebo do\u010dasn\u00e9 (po dobu, po ktor\u00fa m\u00e1te internetov\u00fd prehliada\u010d spusten\u00fd, alebo po dobu ur\u010den\u00fa v jeho nastaveniach). Trval\u00e9 cookies pom\u00e1haj\u00fa pri identifikovan\u00ed V\u00e1\u0161ho zariadenia pri n\u00e1v\u0161teve na\u0161ich webov\u00fdch str\u00e1nok a umo\u017e\u0148uj\u00fa n\u00e1m zabr\u00e1ni\u0165 opakovan\u00e9mu zobrazovaniu toho ist\u00e9ho obsahu. Do\u010dasn\u00e9 cookies sa automaticky zma\u017e\u00fa pri zatvoren\u00ed internetov\u00e9ho prehliada\u010da a umo\u017e\u0148uj\u00fa ulo\u017eenie niektor\u00fdch inform\u00e1ci\u00ed, ktor\u00e9 V\u00e1m spr\u00edjemnia V\u00e1\u0161 pobyt na na\u0161ich webov\u00fdch str\u00e1nkach (napr. nebudete musie\u0165 opakovane zad\u00e1va\u0165 niektor\u00e9 \u00fadaje do formul\u00e1rov). S\u00fabory cookies m\u00f4\u017eete v\u017edy vymaza\u0165 bez oh\u013eadu na to, \u010di s\u00fa trval\u00e9 alebo do\u010dasn\u00e9.<\/p>\n<p>Na na\u0161ich webov\u00fdch str\u00e1nkach pou\u017e\u00edvame iba z\u00e1kladn\u00e9\u00a0cookies: S\u00fa nevyhnutn\u00e9 na prev\u00e1dzkovanie na\u0161ich webov\u00fdch str\u00e1nok a m\u00f4\u017eeme ich pou\u017e\u00edva\u0165 na autentifikovanie pou\u017e\u00edvate\u013eov, na predch\u00e1dzanie podvodom a neopr\u00e1vnen\u00fdm pr\u00edstupom k pou\u017e\u00edvate\u013esk\u00fdm \u00fa\u010dtom na\u0161ich online slu\u017eieb alebo pri ponuke rozli\u010dn\u00fdch funkcional\u00edt.<\/p>\n<\/div>\n<\/div>\n<div class=\"et_pb_module et_pb_text et_pb_text_4 et_pb_bg_layout_light  et_pb_text_align_left\">\n<div class=\"et_pb_text_inner\">\n<h2>4. Ako pou\u017e\u00edvame cookies<\/h2>\n<p>V momente, ke\u010f nav\u0161t\u00edvite niektor\u00fa z na\u0161ich webov\u00fdch str\u00e1nok, ulo\u017e\u00edme vo Va\u0161om zariaden\u00ed jeden alebo nieko\u013eko s\u00faborov cookies. S\u00fabory cookies pou\u017e\u00edvame najm\u00e4 na to, aby sme vedeli ur\u010di\u0165 a identifikova\u0165 opakovan\u00fdch n\u00e1v\u0161tevn\u00edkov, autentifikova\u0165 registrovan\u00fdch pou\u017e\u00edvate\u013eov, spozna\u0165 druh obsahu, ktor\u00fd si prezer\u00e1te, in\u00e9 webov\u00e9 str\u00e1nky, z ktor\u00fdch ste n\u00e1s nav\u0161t\u00edvili, d\u013a\u017eku Va\u0161ej n\u00e1v\u0161tevy v jednotliv\u00fdch sekci\u00e1ch na\u0161ich webov\u00fdch str\u00e1nok a funkcionality, ktor\u00e9 ste na na\u0161ich webov\u00fdch str\u00e1nkach pou\u017eili.<\/p>\n<p>Na z\u00e1klade inform\u00e1ci\u00ed zo s\u00faborov cookies V\u00e1s vieme za ur\u010dit\u00fdch okolnost\u00ed identifikova\u0165 a Va\u0161e \u00fadaje z cookies priradi\u0165 k V\u00e1m ako konkr\u00e9tnej osobe. Vzh\u013eadom na to budeme tieto inform\u00e1cie z cookies z\u00edskava\u0165 a takto z\u00edskan\u00e9 osobn\u00e9 \u00fadaje sprac\u00fava\u0165 v\u00fdlu\u010dne len na z\u00e1klade V\u00e1\u0161ho s\u00fahlasu. S\u00fahlas s pou\u017e\u00edvan\u00edm cookies a pr\u00edslu\u0161n\u00e9 nastavenia n\u00e1m ude\u013eujete pri prvej n\u00e1v\u0161teve na\u0161ich webov\u00fdch str\u00e1nok. V z\u00e1vislosti od nastaven\u00ed V\u00e1\u0161ho internetov\u00e9ho prehliada\u010da m\u00f4\u017eeme udelenie tohto s\u00fahlasu po\u017eadova\u0165 opakovane pri ka\u017edej Va\u0161ej n\u00e1v\u0161teve. V\u00e1\u0161 s\u00fahlas je v\u017edy dobrovo\u013en\u00fd a nepodmienen\u00fd a teda aj ke\u010f n\u00e1m ho neposkytnete, m\u00f4\u017eete st\u00e1le nav\u0161tevova\u0165 a pou\u017e\u00edva\u0165 na\u0161e webov\u00e9 str\u00e1nky a online slu\u017eby a produkty v rozsahu, v akom nie s\u00fa cookies potrebn\u00e9 pre ich funk\u010dnos\u0165 a pr\u00edstupnos\u0165 . Ak pou\u017e\u00edvanie cookies zak\u00e1\u017eete alebo obmedz\u00edte, m\u00f4\u017ee to teda ma\u0165 dopad na funk\u010dnos\u0165 a pr\u00edstupnos\u0165 na\u0161ich str\u00e1nok a slu\u017eieb, a m\u00f4\u017ee sa sta\u0165, \u017ee v\u0161etky alebo \u010das\u0165 na\u0161ich slu\u017eieb nebud\u00fa \u00faplne funk\u010dn\u00e9 alebo nebud\u00fa pre V\u00e1s pr\u00edstupn\u00e9.<\/p>\n<\/div>\n<\/div>\n<div class=\"et_pb_module et_pb_text et_pb_text_5 et_pb_bg_layout_light  et_pb_text_align_left\">\n<div class=\"et_pb_text_inner\">\n<h2>5. S\u00fahlas s pou\u017e\u00edvan\u00edm cookies<\/h2>\n<p>Cookies pou\u017e\u00edvame iba vtedy, ak s t\u00fdm s\u00fahlas\u00edte. V\u00e1\u0161 s\u00fahlas a jeho rozsah n\u00e1m udel\u00edte pri prvej n\u00e1v\u0161teve na\u0161ich webov\u00fdch str\u00e1nok a v z\u00e1vislosti od nastaven\u00ed V\u00e1\u0161ho internetov\u00e9ho prehliada\u010da v\u017edy po uplynut\u00ed nastavenej doby alebo po jeho ka\u017edom \u010fal\u0161om spusten\u00ed. S\u00fabory cookies si okrem toho m\u00f4\u017eete aj po udelen\u00ed s\u00fahlasu vymaza\u0165 z V\u00e1\u0161ho zariadenia bu\u010f prostredn\u00edctvom V\u00e1\u0161ho internetov\u00e9ho prehliada\u010da alebo priamo z pr\u00edslu\u0161n\u00e9ho adres\u00e1ra vo Va\u0161om zariaden\u00ed.<\/p>\n<p>Spr\u00e1vu s\u00faborov cookies a pr\u00edslu\u0161n\u00e9 povolenia si m\u00f4\u017eete nastavi\u0165 v ka\u017edom internetovom prehliada\u010di.<\/p>\n<p>Upozor\u0148ujeme, \u017ee v pr\u00edpade vymazania alebo nepovolenia cookies V\u00e1m na\u0161e webov\u00e9 str\u00e1nky nemusia zobrazi\u0165 alebo pon\u00faknu\u0165 niektor\u00e9 \u010dasti alebo funkcionality a niektor\u00e9 str\u00e1nky sa nemusia spr\u00e1vne zobrazi\u0165 alebo m\u00f4\u017eu by\u0165 nepr\u00edstupn\u00e9.<\/p>\n<\/div>\n<\/div>\n<p>[\/et_pb_text][\/et_pb_column][\/et_pb_row][\/et_pb_section]<\/p>\n","protected":false},"excerpt":{"rendered":"<p>Inform\u00e1cie o cookies 1. Prev\u00e1dzkovate\u013e Prev\u00e1dzkovate\u013e je osoba, ktor\u00e1 sprac\u00fava osobn\u00e9 \u00fadaje dotknutej osoby (V\u00e1s). Prev\u00e1dzkovate\u013eom je spolo\u010dnos\u0165 XXXXX so s\u00eddlom XXXXX Pr\u00edbovce, I\u010cO XXXXX, \u010falej len \u201eSpolo\u010dnos\u0165 XXXXX\u201c. V pr\u00edpade, ak m\u00e1te ak\u00e9ko\u013evek ot\u00e1zky, m\u00f4\u017eete sa na n\u00e1s obr\u00e1ti\u0165 prostredn\u00edctvom elektronickej po\u0161ty na adrese info (zavin\u00e1\u010d) mde-sc.com. Tieto pravidl\u00e1 boli vytvoren\u00e9 za \u00fa\u010delom vysvetlenia [&hellip;]<\/p>\n","protected":false},"author":1,"featured_media":0,"parent":0,"menu_order":0,"comment_status":"closed","ping_status":"closed","template":"","meta":{"_et_pb_use_builder":"on","_et_pb_old_content":"","_et_gb_content_width":"","footnotes":""},"class_list":["post-449","page","type-page","status-publish","hentry"],"yoast_head":"<!-- This site is optimized with the Yoast SEO plugin v26.5 - https:\/\/yoast.com\/wordpress\/plugins\/seo\/ -->\n<title>Cookies - MDE<\/title>\n<meta name=\"description\" content=\"Meranie hluku akreditovanou spolo\u010dnos\u0165ou, zn\u00ed\u017eenie hlu\u010dnosti od n\u00e1vrhu, cez v\u00fdrobu a\u017e po dodanie a mont\u00e1\u017e.\" \/>\n<meta name=\"robots\" content=\"index, follow, max-snippet:-1, max-image-preview:large, max-video-preview:-1\" \/>\n<link rel=\"canonical\" href=\"https:\/\/mde-sc.com\/sk\/cookies\/\" \/>\n<meta property=\"og:locale\" content=\"sk_SK\" \/>\n<meta property=\"og:type\" content=\"article\" \/>\n<meta property=\"og:title\" content=\"Cookies - MDE\" \/>\n<meta property=\"og:description\" content=\"Meranie hluku akreditovanou spolo\u010dnos\u0165ou, zn\u00ed\u017eenie hlu\u010dnosti od n\u00e1vrhu, cez v\u00fdrobu a\u017e po dodanie a mont\u00e1\u017e.\" \/>\n<meta property=\"og:url\" content=\"https:\/\/mde-sc.com\/sk\/cookies\/\" \/>\n<meta property=\"og:site_name\" content=\"MDE\" \/>\n<meta property=\"article:publisher\" content=\"https:\/\/www.facebook.com\/MDE.Support.and.Consulting\" \/>\n<meta property=\"article:modified_time\" content=\"2018-12-30T18:20:37+00:00\" \/>\n<meta property=\"og:image\" content=\"https:\/\/mde-sc.com\/wp-content\/uploads\/2022\/03\/LOGO-WEB-small.png\" \/>\n\t<meta property=\"og:image:width\" content=\"337\" \/>\n\t<meta property=\"og:image:height\" content=\"123\" \/>\n\t<meta property=\"og:image:type\" content=\"image\/png\" \/>\n<meta name=\"twitter:card\" content=\"summary_large_image\" \/>\n<meta name=\"twitter:label1\" content=\"Predpokladan\u00fd \u010das \u010d\u00edtania\" \/>\n\t<meta name=\"twitter:data1\" content=\"5 min\u00fat\" \/>\n<script type=\"application\/ld+json\" class=\"yoast-schema-graph\">{\"@context\":\"https:\/\/schema.org\",\"@graph\":[{\"@type\":\"WebPage\",\"@id\":\"https:\/\/mde-sc.com\/sk\/cookies\/\",\"url\":\"https:\/\/mde-sc.com\/sk\/cookies\/\",\"name\":\"Cookies - MDE\",\"isPartOf\":{\"@id\":\"https:\/\/mde-sc.com\/#website\"},\"datePublished\":\"2018-12-30T18:18:11+00:00\",\"dateModified\":\"2018-12-30T18:20:37+00:00\",\"description\":\"Meranie hluku akreditovanou spolo\u010dnos\u0165ou, zn\u00ed\u017eenie hlu\u010dnosti od n\u00e1vrhu, cez v\u00fdrobu a\u017e po dodanie a mont\u00e1\u017e.\",\"breadcrumb\":{\"@id\":\"https:\/\/mde-sc.com\/sk\/cookies\/#breadcrumb\"},\"inLanguage\":\"sk-SK\",\"potentialAction\":[{\"@type\":\"ReadAction\",\"target\":[\"https:\/\/mde-sc.com\/sk\/cookies\/\"]}]},{\"@type\":\"BreadcrumbList\",\"@id\":\"https:\/\/mde-sc.com\/sk\/cookies\/#breadcrumb\",\"itemListElement\":[{\"@type\":\"ListItem\",\"position\":1,\"name\":\"Home\",\"item\":\"https:\/\/mde-sc.com\/sk\/\"},{\"@type\":\"ListItem\",\"position\":2,\"name\":\"Cookies\"}]},{\"@type\":\"WebSite\",\"@id\":\"https:\/\/mde-sc.com\/#website\",\"url\":\"https:\/\/mde-sc.com\/\",\"name\":\"MDE\",\"description\":\"Support &amp; Consulting\",\"publisher\":{\"@id\":\"https:\/\/mde-sc.com\/#organization\"},\"potentialAction\":[{\"@type\":\"SearchAction\",\"target\":{\"@type\":\"EntryPoint\",\"urlTemplate\":\"https:\/\/mde-sc.com\/?s={search_term_string}\"},\"query-input\":{\"@type\":\"PropertyValueSpecification\",\"valueRequired\":true,\"valueName\":\"search_term_string\"}}],\"inLanguage\":\"sk-SK\"},{\"@type\":\"Organization\",\"@id\":\"https:\/\/mde-sc.com\/#organization\",\"name\":\"MDE Support & Consulting, s. r. o.\",\"url\":\"https:\/\/mde-sc.com\/\",\"logo\":{\"@type\":\"ImageObject\",\"inLanguage\":\"sk-SK\",\"@id\":\"https:\/\/mde-sc.com\/#\/schema\/logo\/image\/\",\"url\":\"https:\/\/mde-sc.com\/wp-content\/uploads\/2018\/12\/logo.png\",\"contentUrl\":\"https:\/\/mde-sc.com\/wp-content\/uploads\/2018\/12\/logo.png\",\"width\":425,\"height\":191,\"caption\":\"MDE Support & Consulting, s. r. o.\"},\"image\":{\"@id\":\"https:\/\/mde-sc.com\/#\/schema\/logo\/image\/\"},\"sameAs\":[\"https:\/\/www.facebook.com\/MDE.Support.and.Consulting\",\"https:\/\/www.linkedin.com\/company\/18990120\/admin\/\"]}]}<\/script>\n<!-- \/ Yoast SEO plugin. -->","yoast_head_json":{"title":"Cookies - MDE","description":"Meranie hluku akreditovanou spolo\u010dnos\u0165ou, zn\u00ed\u017eenie hlu\u010dnosti od n\u00e1vrhu, cez v\u00fdrobu a\u017e po dodanie a mont\u00e1\u017e.","robots":{"index":"index","follow":"follow","max-snippet":"max-snippet:-1","max-image-preview":"max-image-preview:large","max-video-preview":"max-video-preview:-1"},"canonical":"https:\/\/mde-sc.com\/sk\/cookies\/","og_locale":"sk_SK","og_type":"article","og_title":"Cookies - MDE","og_description":"Meranie hluku akreditovanou spolo\u010dnos\u0165ou, zn\u00ed\u017eenie hlu\u010dnosti od n\u00e1vrhu, cez v\u00fdrobu a\u017e po dodanie a mont\u00e1\u017e.","og_url":"https:\/\/mde-sc.com\/sk\/cookies\/","og_site_name":"MDE","article_publisher":"https:\/\/www.facebook.com\/MDE.Support.and.Consulting","article_modified_time":"2018-12-30T18:20:37+00:00","og_image":[{"width":337,"height":123,"url":"https:\/\/mde-sc.com\/wp-content\/uploads\/2022\/03\/LOGO-WEB-small.png","type":"image\/png"}],"twitter_card":"summary_large_image","twitter_misc":{"Predpokladan\u00fd \u010das \u010d\u00edtania":"5 min\u00fat"},"schema":{"@context":"https:\/\/schema.org","@graph":[{"@type":"WebPage","@id":"https:\/\/mde-sc.com\/sk\/cookies\/","url":"https:\/\/mde-sc.com\/sk\/cookies\/","name":"Cookies - MDE","isPartOf":{"@id":"https:\/\/mde-sc.com\/#website"},"datePublished":"2018-12-30T18:18:11+00:00","dateModified":"2018-12-30T18:20:37+00:00","description":"Meranie hluku akreditovanou spolo\u010dnos\u0165ou, zn\u00ed\u017eenie hlu\u010dnosti od n\u00e1vrhu, cez v\u00fdrobu a\u017e po dodanie a mont\u00e1\u017e.","breadcrumb":{"@id":"https:\/\/mde-sc.com\/sk\/cookies\/#breadcrumb"},"inLanguage":"sk-SK","potentialAction":[{"@type":"ReadAction","target":["https:\/\/mde-sc.com\/sk\/cookies\/"]}]},{"@type":"BreadcrumbList","@id":"https:\/\/mde-sc.com\/sk\/cookies\/#breadcrumb","itemListElement":[{"@type":"ListItem","position":1,"name":"Home","item":"https:\/\/mde-sc.com\/sk\/"},{"@type":"ListItem","position":2,"name":"Cookies"}]},{"@type":"WebSite","@id":"https:\/\/mde-sc.com\/#website","url":"https:\/\/mde-sc.com\/","name":"MDE","description":"Support &amp; Consulting","publisher":{"@id":"https:\/\/mde-sc.com\/#organization"},"potentialAction":[{"@type":"SearchAction","target":{"@type":"EntryPoint","urlTemplate":"https:\/\/mde-sc.com\/?s={search_term_string}"},"query-input":{"@type":"PropertyValueSpecification","valueRequired":true,"valueName":"search_term_string"}}],"inLanguage":"sk-SK"},{"@type":"Organization","@id":"https:\/\/mde-sc.com\/#organization","name":"MDE Support & Consulting, s. r. o.","url":"https:\/\/mde-sc.com\/","logo":{"@type":"ImageObject","inLanguage":"sk-SK","@id":"https:\/\/mde-sc.com\/#\/schema\/logo\/image\/","url":"https:\/\/mde-sc.com\/wp-content\/uploads\/2018\/12\/logo.png","contentUrl":"https:\/\/mde-sc.com\/wp-content\/uploads\/2018\/12\/logo.png","width":425,"height":191,"caption":"MDE Support & Consulting, s. r. o."},"image":{"@id":"https:\/\/mde-sc.com\/#\/schema\/logo\/image\/"},"sameAs":["https:\/\/www.facebook.com\/MDE.Support.and.Consulting","https:\/\/www.linkedin.com\/company\/18990120\/admin\/"]}]}},"_links":{"self":[{"href":"https:\/\/mde-sc.com\/sk\/wp-json\/wp\/v2\/pages\/449","targetHints":{"allow":["GET"]}}],"collection":[{"href":"https:\/\/mde-sc.com\/sk\/wp-json\/wp\/v2\/pages"}],"about":[{"href":"https:\/\/mde-sc.com\/sk\/wp-json\/wp\/v2\/types\/page"}],"author":[{"embeddable":true,"href":"https:\/\/mde-sc.com\/sk\/wp-json\/wp\/v2\/users\/1"}],"replies":[{"embeddable":true,"href":"https:\/\/mde-sc.com\/sk\/wp-json\/wp\/v2\/comments?post=449"}],"version-history":[{"count":2,"href":"https:\/\/mde-sc.com\/sk\/wp-json\/wp\/v2\/pages\/449\/revisions"}],"predecessor-version":[{"id":452,"href":"https:\/\/mde-sc.com\/sk\/wp-json\/wp\/v2\/pages\/449\/revisions\/452"}],"wp:attachment":[{"href":"https:\/\/mde-sc.com\/sk\/wp-json\/wp\/v2\/media?parent=449"}],"curies":[{"name":"wp","href":"https:\/\/api.w.org\/{rel}","templated":true}]}}