{"id":39,"date":"2018-12-15T13:10:52","date_gmt":"2018-12-15T12:10:52","guid":{"rendered":"https:\/\/mde-sc.com\/?page_id=39"},"modified":"2023-03-02T14:15:11","modified_gmt":"2023-03-02T13:15:11","slug":"galeria","status":"publish","type":"page","link":"https:\/\/mde-sc.com\/sk\/galeria\/","title":{"rendered":"Gal\u00e9ria"},"content":{"rendered":"<p>[et_pb_section fb_built=&#8220;1&#8243; fullwidth=&#8220;on&#8220; admin_label=&#8220;Page Header&#8220; _builder_version=&#8220;4.16&#8243; background_image=&#8220;https:\/\/mde-sc.com\/wp-content\/uploads\/2018\/12\/business_01.jpg&#8220; parallax=&#8220;on&#8220; custom_padding=&#8220;0|0px|2px|0px|false|false&#8220; animation_direction=&#8220;top&#8220; global_colors_info=&#8220;{}&#8220;][et_pb_fullwidth_header title=&#8220;Gal\u00e9ria&#8220; text_orientation=&#8220;center&#8220; admin_label=&#8220;Hero Section&#8220; _builder_version=&#8220;4.16&#8243; title_font=&#8220;Montserrat|on|||&#8220; title_font_size=&#8220;58px&#8220; title_line_height=&#8220;1.4em&#8220; content_font_size=&#8220;22px&#8220; content_line_height=&#8220;1.8em&#8220; subhead_font=&#8220;||||&#8220; background_color=&#8220;rgba(255,255,255,0)&#8220; use_background_color_gradient=&#8220;on&#8220; background_color_gradient_stops=&#8220;#60c2ff 0%|rgba(58,179,255,0.25) 100%&#8220; background_color_gradient_start=&#8220;#60c2ff&#8220; background_color_gradient_end=&#8220;rgba(58,179,255,0.25)&#8220; custom_button_one=&#8220;on&#8220; button_one_text_size=&#8220;16px&#8220; button_one_bg_color=&#8220;#6eba01&#8243; button_one_border_width=&#8220;2px&#8220; button_one_border_color=&#8220;#6eba01&#8243; button_one_border_radius=&#8220;0&#8243; button_one_letter_spacing=&#8220;2&#8243; button_one_font=&#8220;Montserrat|||on|&#8220; button_one_use_icon=&#8220;off&#8220; custom_button_two=&#8220;on&#8220; button_two_text_size=&#8220;16px&#8220; button_two_border_width=&#8220;2px&#8220; button_two_border_color=&#8220;#ffffff&#8220; button_two_border_radius=&#8220;0&#8243; button_two_letter_spacing=&#8220;2&#8243; button_two_font=&#8220;Montserrat|||on|&#8220; button_two_use_icon=&#8220;off&#8220; module_alignment=&#8220;left&#8220; animation_style=&#8220;fade&#8220; title_font_size_tablet=&#8220;&#8220; title_font_size_phone=&#8220;48px&#8220; title_font_size_last_edited=&#8220;on|phone&#8220; button_one_text_color_hover=&#8220;#6eba01&#8243; button_two_text_color_hover=&#8220;#6eba01&#8243; button_one_border_color_hover=&#8220;#ffffff&#8220; button_two_border_color_hover=&#8220;#ffffff&#8220; button_one_border_radius_hover=&#8220;0&#8243; button_two_border_radius_hover=&#8220;0&#8243; button_one_letter_spacing_hover=&#8220;2&#8243; button_two_letter_spacing_hover=&#8220;2&#8243; button_one_bg_color_hover=&#8220;#ffffff&#8220; button_two_bg_color_hover=&#8220;#ffffff&#8220; global_colors_info=&#8220;{}&#8220; button_one_text_size__hover_enabled=&#8220;off&#8220; button_two_text_size__hover_enabled=&#8220;off&#8220; button_one_text_color__hover_enabled=&#8220;on&#8220; button_one_text_color__hover=&#8220;#6eba01&#8243; button_two_text_color__hover_enabled=&#8220;on&#8220; button_two_text_color__hover=&#8220;#6eba01&#8243; button_one_border_width__hover_enabled=&#8220;off&#8220; button_two_border_width__hover_enabled=&#8220;off&#8220; button_one_border_color__hover_enabled=&#8220;on&#8220; button_one_border_color__hover=&#8220;#ffffff&#8220; button_two_border_color__hover_enabled=&#8220;on&#8220; button_two_border_color__hover=&#8220;#ffffff&#8220; button_one_border_radius__hover_enabled=&#8220;on&#8220; button_one_border_radius__hover=&#8220;0&#8243; button_two_border_radius__hover_enabled=&#8220;on&#8220; button_two_border_radius__hover=&#8220;0&#8243; button_one_letter_spacing__hover_enabled=&#8220;on&#8220; button_one_letter_spacing__hover=&#8220;2&#8243; button_two_letter_spacing__hover_enabled=&#8220;on&#8220; button_two_letter_spacing__hover=&#8220;2&#8243; button_one_bg_color__hover_enabled=&#8220;on&#8220; button_one_bg_color__hover=&#8220;#ffffff&#8220; button_two_bg_color__hover_enabled=&#8220;on&#8220; button_two_bg_color__hover=&#8220;#ffffff&#8220;][\/et_pb_fullwidth_header][\/et_pb_section][et_pb_section fb_built=&#8220;1&#8243; _builder_version=&#8220;4.16&#8243; global_colors_info=&#8220;{}&#8220;][et_pb_row _builder_version=&#8220;4.16&#8243; custom_padding=&#8220;27px|0px|0|0px|false|false&#8220; global_colors_info=&#8220;{}&#8220;][et_pb_column type=&#8220;4_4&#8243; _builder_version=&#8220;4.16&#8243; custom_padding=&#8220;|||&#8220; global_colors_info=&#8220;{}&#8220; custom_padding__hover=&#8220;|||&#8220;][et_pb_text _builder_version=&#8220;4.16&#8243; header_font=&#8220;||||||||&#8220; header_2_font=&#8220;Montserrat||||||||&#8220; global_colors_info=&#8220;{}&#8220;]<\/p>\n<h2>Oce\u013eov\u00e9 kon\u0161trukcie<\/h2>\n<p>[\/et_pb_text][et_pb_gallery gallery_ids=&#8220;262,264,266,1102,1104,1106,1344&#8243; posts_number=&#8220;8&#8243; show_title_and_caption=&#8220;off&#8220; show_pagination=&#8220;off&#8220; _builder_version=&#8220;4.18.0&#8243; caption_font=&#8220;||||||||&#8220; pagination_font=&#8220;||||||||&#8220; global_colors_info=&#8220;{}&#8220;][\/et_pb_gallery][\/et_pb_column][\/et_pb_row][et_pb_row _builder_version=&#8220;4.16&#8243; custom_padding=&#8220;27px|0px|0|0px|false|false&#8220; global_colors_info=&#8220;{}&#8220;][et_pb_column type=&#8220;4_4&#8243; _builder_version=&#8220;4.16&#8243; custom_padding=&#8220;|||&#8220; global_colors_info=&#8220;{}&#8220; custom_padding__hover=&#8220;|||&#8220;][et_pb_text _builder_version=&#8220;4.16&#8243; header_font=&#8220;||||||||&#8220; header_2_font=&#8220;Montserrat||||||||&#8220; global_colors_info=&#8220;{}&#8220;]<\/p>\n<h2>Protihlukov\u00e9 steny<\/h2>\n<p>[\/et_pb_text][et_pb_gallery gallery_ids=&#8220;1085,1087,1089,1097,1205,1203,1207,1209,1304,1332,1330,1328,1339,1403,1410&#8243; posts_number=&#8220;15&#8243; show_title_and_caption=&#8220;off&#8220; show_pagination=&#8220;off&#8220; _builder_version=&#8220;4.20.0&#8243; caption_font=&#8220;||||||||&#8220; pagination_font=&#8220;||||||||&#8220; hover_enabled=&#8220;0&#8243; global_colors_info=&#8220;{}&#8220; sticky_enabled=&#8220;0&#8243;][\/et_pb_gallery][\/et_pb_column][\/et_pb_row][\/et_pb_section]<\/p>\n","protected":false},"excerpt":{"rendered":"<p>Oce\u013eov\u00e9 kon\u0161trukcieProtihlukov\u00e9 steny<\/p>\n","protected":false},"author":1,"featured_media":0,"parent":0,"menu_order":0,"comment_status":"closed","ping_status":"closed","template":"","meta":{"_et_pb_use_builder":"on","_et_pb_old_content":"<!-- wp:divi\/placeholder \/-->","_et_gb_content_width":"","footnotes":""},"class_list":["post-39","page","type-page","status-publish","hentry"],"yoast_head":"<!-- This site is optimized with the Yoast SEO plugin v26.5 - https:\/\/yoast.com\/wordpress\/plugins\/seo\/ -->\n<title>Gal\u00e9ria - MDE %ocelove konstrukcie %protihlukove steny %hluk<\/title>\n<meta name=\"description\" content=\"Rie\u0161enie hluku na mieru, Hluk odmeriame, vyhodnot\u00edme, navrhneme rie\u0161enie a dod\u00e1me. Podpor\u00edme V\u00e1s v rie\u0161en\u00ed v\u00e1\u0161ho probl\u00e9mu s hlukom\" \/>\n<meta name=\"robots\" content=\"index, follow, max-snippet:-1, max-image-preview:large, max-video-preview:-1\" \/>\n<link rel=\"canonical\" href=\"https:\/\/mde-sc.com\/sk\/galeria\/\" \/>\n<meta property=\"og:locale\" content=\"sk_SK\" \/>\n<meta property=\"og:type\" content=\"article\" \/>\n<meta property=\"og:title\" content=\"Gal\u00e9ria - MDE %ocelove konstrukcie %protihlukove steny %hluk\" \/>\n<meta property=\"og:description\" content=\"Rie\u0161enie hluku na mieru, Hluk odmeriame, vyhodnot\u00edme, navrhneme rie\u0161enie a dod\u00e1me. Podpor\u00edme V\u00e1s v rie\u0161en\u00ed v\u00e1\u0161ho probl\u00e9mu s hlukom\" \/>\n<meta property=\"og:url\" content=\"https:\/\/mde-sc.com\/sk\/galeria\/\" \/>\n<meta property=\"og:site_name\" content=\"MDE\" \/>\n<meta property=\"article:publisher\" content=\"https:\/\/www.facebook.com\/MDE.Support.and.Consulting\" \/>\n<meta property=\"article:modified_time\" content=\"2023-03-02T13:15:11+00:00\" \/>\n<meta property=\"og:image\" content=\"https:\/\/mde-sc.com\/wp-content\/uploads\/2022\/03\/LOGO-WEB-small.png\" \/>\n\t<meta property=\"og:image:width\" content=\"337\" \/>\n\t<meta property=\"og:image:height\" content=\"123\" \/>\n\t<meta property=\"og:image:type\" content=\"image\/png\" \/>\n<meta name=\"twitter:card\" content=\"summary_large_image\" \/>\n<meta name=\"twitter:label1\" content=\"Predpokladan\u00fd \u010das \u010d\u00edtania\" \/>\n\t<meta name=\"twitter:data1\" content=\"1 min\u00fata\" \/>\n<script type=\"application\/ld+json\" class=\"yoast-schema-graph\">{\"@context\":\"https:\/\/schema.org\",\"@graph\":[{\"@type\":\"WebPage\",\"@id\":\"https:\/\/mde-sc.com\/sk\/galeria\/\",\"url\":\"https:\/\/mde-sc.com\/sk\/galeria\/\",\"name\":\"Gal\u00e9ria - MDE %ocelove konstrukcie %protihlukove steny %hluk\",\"isPartOf\":{\"@id\":\"https:\/\/mde-sc.com\/#website\"},\"datePublished\":\"2018-12-15T12:10:52+00:00\",\"dateModified\":\"2023-03-02T13:15:11+00:00\",\"description\":\"Rie\u0161enie hluku na mieru, Hluk odmeriame, vyhodnot\u00edme, navrhneme rie\u0161enie a dod\u00e1me. Podpor\u00edme V\u00e1s v rie\u0161en\u00ed v\u00e1\u0161ho probl\u00e9mu s hlukom\",\"breadcrumb\":{\"@id\":\"https:\/\/mde-sc.com\/sk\/galeria\/#breadcrumb\"},\"inLanguage\":\"sk-SK\",\"potentialAction\":[{\"@type\":\"ReadAction\",\"target\":[\"https:\/\/mde-sc.com\/sk\/galeria\/\"]}]},{\"@type\":\"BreadcrumbList\",\"@id\":\"https:\/\/mde-sc.com\/sk\/galeria\/#breadcrumb\",\"itemListElement\":[{\"@type\":\"ListItem\",\"position\":1,\"name\":\"Home\",\"item\":\"https:\/\/mde-sc.com\/sk\/\"},{\"@type\":\"ListItem\",\"position\":2,\"name\":\"Gal\u00e9ria\"}]},{\"@type\":\"WebSite\",\"@id\":\"https:\/\/mde-sc.com\/#website\",\"url\":\"https:\/\/mde-sc.com\/\",\"name\":\"MDE\",\"description\":\"Support &amp; Consulting\",\"publisher\":{\"@id\":\"https:\/\/mde-sc.com\/#organization\"},\"potentialAction\":[{\"@type\":\"SearchAction\",\"target\":{\"@type\":\"EntryPoint\",\"urlTemplate\":\"https:\/\/mde-sc.com\/?s={search_term_string}\"},\"query-input\":{\"@type\":\"PropertyValueSpecification\",\"valueRequired\":true,\"valueName\":\"search_term_string\"}}],\"inLanguage\":\"sk-SK\"},{\"@type\":\"Organization\",\"@id\":\"https:\/\/mde-sc.com\/#organization\",\"name\":\"MDE Support & Consulting, s. r. o.\",\"url\":\"https:\/\/mde-sc.com\/\",\"logo\":{\"@type\":\"ImageObject\",\"inLanguage\":\"sk-SK\",\"@id\":\"https:\/\/mde-sc.com\/#\/schema\/logo\/image\/\",\"url\":\"https:\/\/mde-sc.com\/wp-content\/uploads\/2018\/12\/logo.png\",\"contentUrl\":\"https:\/\/mde-sc.com\/wp-content\/uploads\/2018\/12\/logo.png\",\"width\":425,\"height\":191,\"caption\":\"MDE Support & Consulting, s. r. o.\"},\"image\":{\"@id\":\"https:\/\/mde-sc.com\/#\/schema\/logo\/image\/\"},\"sameAs\":[\"https:\/\/www.facebook.com\/MDE.Support.and.Consulting\",\"https:\/\/www.linkedin.com\/company\/18990120\/admin\/\"]}]}<\/script>\n<!-- \/ Yoast SEO plugin. -->","yoast_head_json":{"title":"Gal\u00e9ria - MDE %ocelove konstrukcie %protihlukove steny %hluk","description":"Rie\u0161enie hluku na mieru, Hluk odmeriame, vyhodnot\u00edme, navrhneme rie\u0161enie a dod\u00e1me. Podpor\u00edme V\u00e1s v rie\u0161en\u00ed v\u00e1\u0161ho probl\u00e9mu s hlukom","robots":{"index":"index","follow":"follow","max-snippet":"max-snippet:-1","max-image-preview":"max-image-preview:large","max-video-preview":"max-video-preview:-1"},"canonical":"https:\/\/mde-sc.com\/sk\/galeria\/","og_locale":"sk_SK","og_type":"article","og_title":"Gal\u00e9ria - MDE %ocelove konstrukcie %protihlukove steny %hluk","og_description":"Rie\u0161enie hluku na mieru, Hluk odmeriame, vyhodnot\u00edme, navrhneme rie\u0161enie a dod\u00e1me. Podpor\u00edme V\u00e1s v rie\u0161en\u00ed v\u00e1\u0161ho probl\u00e9mu s hlukom","og_url":"https:\/\/mde-sc.com\/sk\/galeria\/","og_site_name":"MDE","article_publisher":"https:\/\/www.facebook.com\/MDE.Support.and.Consulting","article_modified_time":"2023-03-02T13:15:11+00:00","og_image":[{"width":337,"height":123,"url":"https:\/\/mde-sc.com\/wp-content\/uploads\/2022\/03\/LOGO-WEB-small.png","type":"image\/png"}],"twitter_card":"summary_large_image","twitter_misc":{"Predpokladan\u00fd \u010das \u010d\u00edtania":"1 min\u00fata"},"schema":{"@context":"https:\/\/schema.org","@graph":[{"@type":"WebPage","@id":"https:\/\/mde-sc.com\/sk\/galeria\/","url":"https:\/\/mde-sc.com\/sk\/galeria\/","name":"Gal\u00e9ria - MDE %ocelove konstrukcie %protihlukove steny %hluk","isPartOf":{"@id":"https:\/\/mde-sc.com\/#website"},"datePublished":"2018-12-15T12:10:52+00:00","dateModified":"2023-03-02T13:15:11+00:00","description":"Rie\u0161enie hluku na mieru, Hluk odmeriame, vyhodnot\u00edme, navrhneme rie\u0161enie a dod\u00e1me. Podpor\u00edme V\u00e1s v rie\u0161en\u00ed v\u00e1\u0161ho probl\u00e9mu s hlukom","breadcrumb":{"@id":"https:\/\/mde-sc.com\/sk\/galeria\/#breadcrumb"},"inLanguage":"sk-SK","potentialAction":[{"@type":"ReadAction","target":["https:\/\/mde-sc.com\/sk\/galeria\/"]}]},{"@type":"BreadcrumbList","@id":"https:\/\/mde-sc.com\/sk\/galeria\/#breadcrumb","itemListElement":[{"@type":"ListItem","position":1,"name":"Home","item":"https:\/\/mde-sc.com\/sk\/"},{"@type":"ListItem","position":2,"name":"Gal\u00e9ria"}]},{"@type":"WebSite","@id":"https:\/\/mde-sc.com\/#website","url":"https:\/\/mde-sc.com\/","name":"MDE","description":"Support &amp; Consulting","publisher":{"@id":"https:\/\/mde-sc.com\/#organization"},"potentialAction":[{"@type":"SearchAction","target":{"@type":"EntryPoint","urlTemplate":"https:\/\/mde-sc.com\/?s={search_term_string}"},"query-input":{"@type":"PropertyValueSpecification","valueRequired":true,"valueName":"search_term_string"}}],"inLanguage":"sk-SK"},{"@type":"Organization","@id":"https:\/\/mde-sc.com\/#organization","name":"MDE Support & Consulting, s. r. o.","url":"https:\/\/mde-sc.com\/","logo":{"@type":"ImageObject","inLanguage":"sk-SK","@id":"https:\/\/mde-sc.com\/#\/schema\/logo\/image\/","url":"https:\/\/mde-sc.com\/wp-content\/uploads\/2018\/12\/logo.png","contentUrl":"https:\/\/mde-sc.com\/wp-content\/uploads\/2018\/12\/logo.png","width":425,"height":191,"caption":"MDE Support & Consulting, s. r. o."},"image":{"@id":"https:\/\/mde-sc.com\/#\/schema\/logo\/image\/"},"sameAs":["https:\/\/www.facebook.com\/MDE.Support.and.Consulting","https:\/\/www.linkedin.com\/company\/18990120\/admin\/"]}]}},"_links":{"self":[{"href":"https:\/\/mde-sc.com\/sk\/wp-json\/wp\/v2\/pages\/39","targetHints":{"allow":["GET"]}}],"collection":[{"href":"https:\/\/mde-sc.com\/sk\/wp-json\/wp\/v2\/pages"}],"about":[{"href":"https:\/\/mde-sc.com\/sk\/wp-json\/wp\/v2\/types\/page"}],"author":[{"embeddable":true,"href":"https:\/\/mde-sc.com\/sk\/wp-json\/wp\/v2\/users\/1"}],"replies":[{"embeddable":true,"href":"https:\/\/mde-sc.com\/sk\/wp-json\/wp\/v2\/comments?post=39"}],"version-history":[{"count":26,"href":"https:\/\/mde-sc.com\/sk\/wp-json\/wp\/v2\/pages\/39\/revisions"}],"predecessor-version":[{"id":1412,"href":"https:\/\/mde-sc.com\/sk\/wp-json\/wp\/v2\/pages\/39\/revisions\/1412"}],"wp:attachment":[{"href":"https:\/\/mde-sc.com\/sk\/wp-json\/wp\/v2\/media?parent=39"}],"curies":[{"name":"wp","href":"https:\/\/api.w.org\/{rel}","templated":true}]}}